{"id":3,"date":"2023-10-31T11:19:32","date_gmt":"2023-10-31T10:19:32","guid":{"rendered":"https:\/\/dev.lasallefoundation.org\/?page_id=3"},"modified":"2024-03-04T12:15:21","modified_gmt":"2024-03-04T11:15:21","slug":"privacy-policy","status":"publish","type":"page","link":"https:\/\/www.lasallefoundation.org\/it\/privacy-policy\/","title":{"rendered":"Privacy Policy"},"content":{"rendered":"<div class=\"fusion-fullwidth fullwidth-box fusion-builder-row-1 fusion-flex-container nonhundred-percent-fullwidth non-hundred-percent-height-scrolling\" style=\"--awb-border-radius-top-left:0px;--awb-border-radius-top-right:0px;--awb-border-radius-bottom-right:0px;--awb-border-radius-bottom-left:0px;--awb-flex-wrap:wrap;\" ><div class=\"fusion-builder-row fusion-row fusion-flex-align-items-flex-start fusion-flex-content-wrap\" style=\"max-width:1248px;margin-left: calc(-4% \/ 2 );margin-right: calc(-4% \/ 2 );\"><div class=\"fusion-layout-column fusion_builder_column fusion-builder-column-0 fusion_builder_column_1_1 1_1 fusion-flex-column\" style=\"--awb-bg-size:cover;--awb-width-large:100%;--awb-margin-top-large:0px;--awb-spacing-right-large:1.92%;--awb-margin-bottom-large:0px;--awb-spacing-left-large:1.92%;--awb-width-medium:100%;--awb-spacing-right-medium:1.92%;--awb-spacing-left-medium:1.92%;--awb-width-small:100%;--awb-spacing-right-small:1.92%;--awb-spacing-left-small:1.92%;\"><div class=\"fusion-column-wrapper fusion-flex-justify-content-flex-start fusion-content-layout-column\"><div class=\"fusion-title title fusion-title-1 fusion-sep-none fusion-title-text fusion-title-size-two\" style=\"--awb-margin-top-small:10px;--awb-margin-right-small:0px;--awb-margin-bottom-small:10px;--awb-margin-left-small:0px;\"><h2 class=\"fusion-title-heading title-heading-left\" style=\"margin:0;\">INFORMATIVA AL TRATTAMENTO DEI DATI PERSONALI<\/h2><\/div><div class=\"fusion-text fusion-text-1\"><p>I dati personali dell&#8217;utente sono utilizzati da Fondazione De La Salle Solidariet\u00e0 Internazionale ETS, che ne \u00e8 titolare per il trattamento, nel rispetto dei principi di protezione dei dati personali stabiliti dal Regolamento GDPR 2016\/679 e della normativa nazionale in vigore.<\/p>\n<h3>MODALIT\u00c0 E FINALIT\u00c0 DEL TRATTAMENTO DATI<\/h3>\n<h4>1. La informiamo che i dati verranno trattati con il supporto dei seguenti mezzi:<\/h4>\n<ul>\n<li>Informatica<\/li>\n<li>Mista &#8211; elettronica e cartacea<\/li>\n<\/ul>\n<p>Con le seguenti finalit\u00e0:<\/p>\n<ul>\n<li>Adempimento di obblighi fiscali o contabili<\/li>\n<li>Attivit\u00e0 di solidariet\u00e0 e beneficenza<\/li>\n<li>Attivit\u00e0 di volontariato<\/li>\n<li>Attivit\u00e0 di organizzazione eventi, seminari e conferenze<\/li>\n<li>Comunicazione multimediale<\/li>\n<li>Elaborazione, stampa, imbustamento e spedizione di documenti<\/li>\n<li>Gestione dei fornitori (contratti, ordini, arrivi, fatture)<\/li>\n<li>Gestione del personale<\/li>\n<li>Rapporto con i donatori<\/li>\n<li>Informazione per via telematica<\/li>\n<li>Newsletter<\/li>\n<li>Siti web<\/li>\n<li>Acquisizione di materiale da videosorveglianza solo in caso di sicurezza<\/li>\n<\/ul>\n<p>In particolare, per le finalit\u00e0 specificate di seguito i dati dell\u2019utente saranno trattati SOLO su specifica accettazione del consenso:<\/p>\n<h3>BASE GIURIDICA<\/h3>\n<h4>2. Le basi giuridiche su cui si fonda il trattamento per i dati comuni, secondo l&#8217;Art.6 delRegolamento GDPR, sono:<\/h4>\n<ul>\n<li>Legge;<\/li>\n<li>Legittimo interesse<\/li>\n<li>Contratto;<\/li>\n<li>Consenso;<\/li>\n<\/ul>\n<p>Le basi giuridiche su cui si fonda il trattamento per categorie particolari di dati personali, secondo l&#8217;Art.9 del Regolamento GDPR, sono:<\/p>\n<ul>\n<li>Legge;<\/li>\n<li>Legittimo interesse<\/li>\n<li>Contratto;<\/li>\n<li>Consenso;<\/li>\n<\/ul>\n<p>Il conferimento dei dati \u00e8 obbligatorio per tutto quanto \u00e8 richiesto dagli obblighi legali e contrattuali e pertanto l&#8217;eventuale rifiuto a fornirli in tutto o in parte pu\u00f2 dar luogo all&#8217;impossibilit\u00e0 di fornire i servizi richiesti.<\/p>\n<p>La Fondazione tratta i dati facoltativi degli utenti in base al consenso, ossia mediante l\u2019approvazione esplicita della presente policy privacy e in relazione alle modalit\u00e0 e finalit\u00e0 di seguito descritte.<\/p>\n<h3>CATEGORIE DI DESTINATARI<\/h3>\n<h4>3. Ferme restando le comunicazioni eseguite in adempimento di obblighi di legge econtrattuali, tutti i dati raccolti ed elaborati potranno essere comunicati esclusivamente per lefinalit\u00e0 sopra specificate alle seguenti categorie di destinatari:<\/h4>\n<ul>\n<li>Altre amministrazioni pubbliche<\/li>\n<li>Autorit\u00e0 di vigilanza e controllo<\/li>\n<li>Beneficiari diretti e indiretti<\/li>\n<li>Consulenti e liberi professionisti anche in forma associata<\/li>\n<li>Datore di lavoro<\/li>\n<li>Enti previdenziali ed assistenziali<\/li>\n<li>Enti pubblici economici<\/li>\n<li>Forze di polizia<\/li>\n<li>Societ\u00e0 che effettuano il servizio di logistica di magazzino e trasporto<\/li>\n<li>Societ\u00e0 e imprese<\/li>\n<li>Uffici giudiziari<\/li>\n<\/ul>\n<p>Nella gestione dei suoi dati, inoltre, possono venire a conoscenza degli stessi le seguenti categorie di persone autorizzate e\/o responsabili interni ed esterni individuati per iscritto ed ai quali sono state fornite specifiche istruzioni scritte circa il trattamento dei dati:<\/p>\n<p>11267011002, p.iva -, nella persona di Angela Matulli &#8211; Rappresentante legale<br \/>\nPegorin Serena, c.f. PGRSRN87L56L719A \u2013 Dipendente;<br \/>\nBallerini Laura, c.f. BLLLRA92L55H501V &#8211; Dipendente;<br \/>\nMunaretto Eleonora c.f. MNRLNR92D44H501V &#8211; Dipendente<\/p>\n<h3>CATEGORIE DI DATI PERSONALI<\/h3>\n<h4>4. Secondo quanto esplicitato dall&#8217;articolo 14 del Regolamento GDPR, non essendo statiottenuti i dati presso l&#8217;interessato, si riportano le categorie di dati personali oggetto ditrattamento:<\/h4>\n<ul>\n<li>Codice fiscale ed altri numeri di identificazione personale (carte sanitarie)<\/li>\n<li>Dati identificativi (ragione o denominazione sociale, ovvero nome e cognome dellepersone fisiche, indirizzo sede, telefono, fax, e-mail, dati fiscali, ecc.)<\/li>\n<li>Dati sul comportamento (registrazione donazioni)<\/li>\n<li>Lavoro (occupazione attuale e precedente, informazioni sul reclutamento, sultirocinio o sulla formazione professionale, informazioni sulla sospensione ointerruzione del rapporto di lavoro o sul passaggio ad altra occupazione,curriculum vitae<\/li>\n<li>Nominativo, indirizzo o altri elementi di identificazione personale (nome,cognome, et\u00e0, sesso, luogo e data di nascita, indirizzo privato, indirizzo di lavoro)<\/li>\n<li>Particolari (sensibili)<\/li>\n<li>Personali;<\/li>\n<\/ul>\n<h3>STRUTTURE INFORMATICHE<\/h3>\n<table>\n<tbody>\n<tr>\n<td class=\"stilo1\">Denominazione attivit\u00e0<\/td>\n<td class=\"stilo2\">Gestione del personale<\/td>\n<\/tr>\n<tr>\n<td class=\"stilo1\">Strutture informatiche<\/td>\n<td class=\"stilo2\">Indirizzo IP del server: 192.168.10.13<\/td>\n<\/tr>\n<tr>\n<td class=\"stilo1\">Tipo Struttura<\/td>\n<td class=\"stilo2\">Interna<\/td>\n<\/tr>\n<tr>\n<td class=\"stilo1\">Sede<\/td>\n<td class=\"stilo2\">De La Salle Solidariet\u00e0 Internazionale ETS (Roma)<\/td>\n<\/tr>\n<\/tbody>\n<\/table>\n<table>\n<tbody>\n<tr>\n<td class=\"stilo1\">Denominazione attivit\u00e0<\/td>\n<td class=\"stilo2\">Foto, video e interviste<\/td>\n<\/tr>\n<tr>\n<td class=\"stilo1\">Strutture informatiche<\/td>\n<td class=\"stilo2\">Indirizzo IP del server: 192.168.10.13<\/td>\n<\/tr>\n<tr>\n<td class=\"stilo1\">Tipo Struttura<\/td>\n<td class=\"stilo2\">Interna<\/td>\n<\/tr>\n<tr>\n<td class=\"stilo1\">Sede<\/td>\n<td class=\"stilo2\">De La Salle Solidariet\u00e0 Internazionale ETS (Roma)<\/td>\n<\/tr>\n<\/tbody>\n<\/table>\n<h3>PERIODO DI CONSERVAZIONE<\/h3>\n<p>Il periodo di conservazione dei dati \u00e8: I dati saranno trattati per tutto il tempo necessario allo svolgimento del rapporto di collaborazione in essere e per i successivi dieci anni dalla data di acquisizione degli stessi.<\/p>\n<h3>DIRITTI DELL\u2019INTERESSATO<\/h3>\n<h4>5. Ai sensi del Regolamento europeo 679\/2016 (GDPR) e della normativa nazionale in vigore,l&#8217;interessato pu\u00f2, secondo le modalit\u00e0 e nei limiti previsti dalla vigente normativa, esercitare iseguenti diritti:<\/h4>\n<ul>\n<li>richiedere la conferma dell&#8217;esistenza di dati personali che lo riguardano (diritto di accessodell\u2019interessato \u2013 art. 15 del Regolamento 679\/2016)<\/li>\n<li>conoscerne l&#8217;origine<\/li>\n<li>riceverne comunicazione intelligibile<\/li>\n<li>avere informazioni circa la logica, le modalit\u00e0 e le finalit\u00e0 del trattamento<\/li>\n<li>richiederne l&#8217;aggiornamento, la rettifica, l&#8217;integrazione, la cancellazione, latrasformazione in forma anonima, il blocco dei dati trattati in violazione di legge, ivicompresi quelli non pi\u00f9 necessari al perseguimento degli scopi per i quali sono statiraccolti (diritto di rettifica e cancellazione \u2013 artt. 16 e 17 del Regolamento 679\/2016)<\/li>\n<li>diritto di limitazione e\/o di opposizione al trattamento dei dati che lo riguardano (art. 18del Regolamento 679\/2016)<\/li>\n<li>diritto di revoca<\/li>\n<li>diritto alla portabilit\u00e0 dei dati (art. 20 del Regolamento 679\/2016)<\/li>\n<li>nei casi di trattamento basato su consenso, ricevere i propri dati forniti al titolare, informa strutturata e leggibile da un elaboratore di dati e in un formato comunementeusato da un dispositivo elettronico<\/li>\n<li>il diritto di presentare un reclamo all\u2019Autorit\u00e0 di controllo (diritto di accessodell\u2019interessato \u2013 art. 15 del Regolamento 679\/2016).<\/li>\n<\/ul>\n<h4>6. Titolare del trattamento dei Suoi dati personali \u00e8 Fondazione De La Salle Solidariet\u00e0 Internazionale ETS, p.iva 11267011002, c.f. 11267011002<\/h4>\n<h4>7.<\/h4>\n<table>\n<tbody>\n<tr>\n<td class=\"stilo1\">Email<\/td>\n<td class=\"stilo2\">privacyfoundation@lasalle.org<\/td>\n<\/tr>\n<tr>\n<td class=\"stilo1\">Phone<\/td>\n<td class=\"stilo2\">06665231<\/td>\n<\/tr>\n<\/tbody>\n<\/table>\n<h4>Cosa sono i cookies<\/h4>\n<p>Un &#8220;cookie&#8221; \u00e8 un file di testo salvato nel computer dell&#8217;utente nel momento in cui questo accede ad un sito web con lo scopo di fornire informazioni ogni volta che l&#8217;utente ritorna sullo stesso sito. E&#8217; una sorta di promemoria della pagina internet visitata. Con il cookie, il server web invia informazioni al browser dell&#8217;utente (Internet Explorer, Mozilla Firefox, Google Chrome, ecc.) memorizzate sul computer di quest&#8217;ultimo, e saranno rilette ed aggiornate ogni qual volta l&#8217;utente ritorner\u00e0 sul sito. In questo modo il sito Web pu\u00f2 adattarsi automaticamente all&#8217;utente. Nel corso della navigazione l&#8217;utente potrebbe ricevere sul suo terminale anche cookie di siti diversi (cookies di &#8220;terze parti&#8221;), impostati direttamente da gestori di detti siti web e utilizzati per le finalit\u00e0 e secondo le modalit\u00e0 da questi definiti.<br \/>\nIn funzione della loro durata, si distinguono in cookie di sessione (ossia quelli temporanei e cancellati automaticamente dal terminale al termine della sessione di navigazione, chiudendo il browser) ed in cookie persistenti (ossia quelli che restano memorizzati sul terminale fino alla loro scadenza o cancellazione da parte dell&#8217;utente). In base alla funzione e alla finalit\u00e0 di utilizzo, i cookie possono suddividersi in cookie tecnici e cookie di profilazione.<\/p>\n<h4>Cookie tecnici<\/h4>\n<p>Alcuni cookie sono usati per eseguire autenticazioni informatiche, monitoraggio di sessioni e memorizzazione di informazioni specifiche sugli utenti che accedono ad una pagina web. Questi cookie, cosiddetti tecnici, sono spesso utili per consentire di navigare in un sito web e utilizzarne tutte le funzionalit\u00e0. I cookie tecnici sono quelli il cui utilizzo non richiede il consenso dell&#8217;utente. A questa categoria appartengono anche gli analytics cookie. Si tratta di cookie che raccolgono informazioni circa l&#8217;utilizzo che un utente fa di un sito web e che consentono di migliorarne il funzionamento. Ad esempio gli analytics cookie mostrano quali sono le pagine pi\u00f9 frequentemente visitate, consentono di verificare quali sono gli schemi ricorrenti d&#8217;utilizzo di un sito web e aiutano a comprendere ogni difficolt\u00e0 che l&#8217;utente incontra nell&#8217;utilizzo.<\/p>\n<h4>Cookie di profilazione<\/h4>\n<p>Altri cookie possono invece essere utilizzati per monitorare e profilare gli utenti durante la navigazione, studiare i loro movimenti e abitudini di consultazione del web o di consumo (cosa comprano, cosa leggono, ecc.), anche allo scopo di inviare pubblicit\u00e0 di servizi mirati e personalizzati. Si parla in questo caso di cookie di profilazione. L&#8217;utilizzo di detti cookie necessita dell&#8217;acquisizione preventiva del libero consenso informato dell&#8217;utente ai sensi dell&#8217;art. 7 del Regolamento UE 2016\/679 e della normativa nazionale in vigore.<\/p>\n<h4>Cookie di terze parti<\/h4>\n<p>Pu\u00f2 accadere anche che una pagina web contenga cookie provenienti da altri siti e contenuti in vari elementi ospitati sulla pagina stessa, come ad esempio banner pubblicitari, immagini, video, mappe o specifici link a pagine web di altri domini che risiedono su server diversi da quello sul quale si trova la pagina richiesta. In altre parole, questi cookie sono impostati direttamente da gestori di siti web o server diversi da questo sito web. Parliamo, in questi casi, dei cosiddetti cookie terze parti, che di solito sono utilizzati a fini di profilazione. L&#8217;utilizzo di questi cookie necessita dell&#8217;acquisizione preventiva del libero consenso informato dell&#8217;utente.<\/p>\n<h4>Tipologie di cookie utilizzati dal nostro sito<\/h4>\n<p>Le funzioni principali dei cookies installati da www.lasallefondation.org sono tecniche, vengono utilizzati per migliorare costantemente il Servizio, per l&#8217;autenticazione, per fini statistici, come il conteggio delle visite al sito. L&#8217;utilizzo di cookies \u00e8 dunque strettamente finalizzato a facilitare le funzioni del server di durante la navigazione del Servizio. Il sito consente inoltre l&#8217;invio dei seguenti cookie di terze parti. Questi cookie non sono strumenti di nostra titolarit\u00e0, per maggiori informazioni, pertanto, \u00e8 possibile accedere all&#8217;informativa ed ai moduli di acquisizione del consenso delle terze parti, cliccando sui link riportati. Per migliorare il sito web e comprendere quali parti o elementi siano maggiormente apprezzati dagli utenti, sono utilizzati come strumento di analisi anonima e aggregata, i cookie di terza parte di Google Analytics. Questi cookie non sono strumenti di nostra titolarit\u00e0, per maggiori informazioni, pertanto, \u00e8 possibile consultare l&#8217;informativa fornita da Google. Le pagine del sito web incorporano al loro interno alcuni widget e pulsanti di condivisione di Facebook e Google Plus, per permettere all&#8217;utente di condividere i contenuti del sito web sui propri canali social, e di interagire con i nostri canali. Questi cookie non sono strumenti di nostra titolarit\u00e0, ma sono creati rispettivamente da Facebook e Google nel momento in cui si utilizza il rispettivo widget o pulsante di condivisione. Per saperne di pi\u00f9 visitare le seguenti pagine informative: Facebook e Google. Alcune pagine web incorporano al loro interno dei contenuti video di YouTube. Visitando una pagina contenente un video, o facendo clic per visualizzare il video, potrebbero essere richiamati cookie provenienti da YouTube. Questi cookie non sono strumenti di nostra titolarit\u00e0. Per saperne di pi\u00f9 visitare la pagina informativa di Google. Il sito internet potrebbe utilizzare i programmi di Facebook ADS gestito da Facebook Inc., Google Adwords e la tecnologia Google Remarketing, gestiti da Google Inc. Anche la funzione monitoraggio delle conversioni di Facebook ADS e AdWords utilizza i cookie per aiutarci a tenere traccia delle vendite e di altre conversioni.<\/p>\n<h4>Gestione dei cookie<\/h4>\n<p>L&#8217;utente pu\u00f2 gestire le proprie preferenze relative ai cookie attraverso le funzionalit\u00e0 presenti nei comuni browser che consentono di cancellare\/rimuovere i cookie (tutti o alcuni) o di cambiare le impostazioni del browser stesso in modo da bloccare l&#8217;invio dei cookie o di limitarlo a siti specifici (rispetto ad altri). Pertanto \u00e8 possibile negare l&#8217;utilizzo dei cookie, seguendo la procedura di disabilitazione prevista dal proprio browser. Di seguito si riportano le modalit\u00e0 proposte dai principali browser: Microsoft Windows Explorer, Mozilla Firefox, Google Chrome, Apple Safari, Google Analytics scaricando uno specifico plug-in del browser. Per avere informazioni sui cookie archiviati sul proprio terminale e disattivarli singolarmente si rinvia al link:http:\/\/www.youronlinechoices.com\/it\/le-tue-scelte<\/p>\n<h4>Plugin Social Network<\/h4>\n<p>Il sito www.lasallefondation.org incorpora anche plugin e\/o comandi per i social network, al fine di consentire una facile condivisione dei contenuti sui vostri social network preferiti. Tali plugin sono programmati in modo da non impostare alcun cookie all&#8217;accesso della pagina, per salvaguardare la privacy degli utenti. Eventualmente i cookie vengono impostati, se cos\u00ec previsto dai social network, solo quando l&#8217;utente fa effettivo e volontario uso del plugin. Si tenga presente che se l&#8217;utente naviga essendo loggato nel social network allora ha gi\u00e0 acconsentito all&#8217;uso dei cookie veicolati tramite questo sito al momento dell&#8217;iscrizione al social network.<br \/>\nLa raccolta e l&#8217;uso delle informazioni ottenute a mezzo del plugin sono regolati dalle rispettive informative privacy dei social network, alle quali si prega di fare riferimento.<\/p>\n<table>\n<tbody>\n<tr>\n<td><a href=\"https:\/\/www.facebook.com\/privacy\/policy\/?entry_point=data_policy_redirect&amp;entry=0\">Facebook<\/a><\/td>\n<td><a href=\"https:\/\/www.facebook.com\/privacy\/policies\/cookies\/?entry_point=cookie_policy_redirect&amp;entry=0\">cookie information link<\/a><\/td>\n<\/tr>\n<tr>\n<td><a href=\"https:\/\/twitter.com\/privacy?lang=it\">Twitter<\/a><\/td>\n<td><a href=\"https:\/\/help.twitter.com\/es\/rules-and-policies\/twitter-cookies\">cookie information link<\/a><\/td>\n<\/tr>\n<tr>\n<td><a href=\"https:\/\/www.linkedin.com\/legal\/privacy-policy\">LinkedIn<\/a><\/td>\n<td><a href=\"https:\/\/www.linkedin.com\/legal\/cookie-policy\">cookie information link<\/a><\/td>\n<\/tr>\n<tr>\n<td><a href=\"https:\/\/policies.google.com\/privacy?hl=it\">Google+<\/a><\/td>\n<td><a href=\"https:\/\/policies.google.com\/technologies\/cookies?hl=it&amp;gl=it\">cookie information link<\/a><\/td>\n<\/tr>\n<\/tbody>\n<\/table>\n<p>La presente privacy policy pu\u00f2 subire modifiche nel tempo \u2013 anche connesse all&#8217;eventuale entrata in vigore di nuove normative di settore, all&#8217;aggiornamento o erogazione di nuovi servizi ovvero ad intervenute innovazioni tecnologiche \u2013 per cui l&#8217;utente\/visitatore \u00e8 invitato a consultare periodicamente questa pagina www.lasallefondation.org.<\/p>\n<h3>***********************************************<\/h3>\n<p>Il\/I sottoscritto\/i in calce identificato\/i dichiara di aver ricevuto completa informativa ai sensi dell\u2019art. 13 del Regolamento UE 2016\/679 e della normativa nazionale in vigore, ed esprime il consenso al trattamento ed alla comunicazione dei propri dati personali con particolare riguardo a quelli cosiddetti particolari nei limiti, per le finalit\u00e0 e per la durata precisati nell\u2019informativa.<\/p>\n<p>I dati inseriti al momento della donazione, visto il suo consenso, saranno utilizzati per inviare delle comunicazioni inerenti le nostre raccolte di fondi dalla nostra newsletter.<\/p>\n<p>DPO: Emanuele Bufo, emanuelebufo@hotmail.it<\/p>\n<\/div><\/div><\/div><\/div><\/div>\n","protected":false},"excerpt":{"rendered":"","protected":false},"author":1,"featured_media":0,"parent":0,"menu_order":0,"comment_status":"closed","ping_status":"open","template":"","meta":{"om_disable_all_campaigns":false,"_monsterinsights_skip_tracking":false,"_monsterinsights_sitenote_active":false,"_monsterinsights_sitenote_note":"","_monsterinsights_sitenote_category":0,"_uf_show_specific_survey":0,"_uf_disable_surveys":false,"footnotes":""},"class_list":["post-3","page","type-page","status-publish","hentry"],"aioseo_notices":[],"_links":{"self":[{"href":"https:\/\/www.lasallefoundation.org\/it\/wp-json\/wp\/v2\/pages\/3","targetHints":{"allow":["GET"]}}],"collection":[{"href":"https:\/\/www.lasallefoundation.org\/it\/wp-json\/wp\/v2\/pages"}],"about":[{"href":"https:\/\/www.lasallefoundation.org\/it\/wp-json\/wp\/v2\/types\/page"}],"author":[{"embeddable":true,"href":"https:\/\/www.lasallefoundation.org\/it\/wp-json\/wp\/v2\/users\/1"}],"replies":[{"embeddable":true,"href":"https:\/\/www.lasallefoundation.org\/it\/wp-json\/wp\/v2\/comments?post=3"}],"version-history":[{"count":3,"href":"https:\/\/www.lasallefoundation.org\/it\/wp-json\/wp\/v2\/pages\/3\/revisions"}],"predecessor-version":[{"id":2607,"href":"https:\/\/www.lasallefoundation.org\/it\/wp-json\/wp\/v2\/pages\/3\/revisions\/2607"}],"wp:attachment":[{"href":"https:\/\/www.lasallefoundation.org\/it\/wp-json\/wp\/v2\/media?parent=3"}],"curies":[{"name":"wp","href":"https:\/\/api.w.org\/{rel}","templated":true}]}}