{"id":7368,"date":"2025-09-05T13:13:16","date_gmt":"2025-09-05T11:13:16","guid":{"rendered":"https:\/\/www.lasallefoundation.org\/campagnes\/revenir-a-lecole-revenir-au-sourire\/"},"modified":"2025-09-05T15:51:40","modified_gmt":"2025-09-05T13:51:40","slug":"revenir-a-lecole-revenir-au-sourire","status":"publish","type":"page","link":"https:\/\/www.lasallefoundation.org\/fr\/campagnes\/revenir-a-lecole-revenir-au-sourire\/","title":{"rendered":"Revenir \u00e0 l\u2019\u00e9cole, revenir au sourire"},"content":{"rendered":"<p><div class=\"fusion-fullwidth fullwidth-box fusion-builder-row-1 fusion-flex-container has-pattern-background has-mask-background nonhundred-percent-fullwidth non-hundred-percent-height-scrolling\" style=\"--awb-background-position:left top;--awb-border-sizes-top:0px;--awb-border-sizes-bottom:0px;--awb-border-sizes-left:0px;--awb-border-sizes-right:0px;--awb-border-radius-top-left:0px;--awb-border-radius-top-right:0px;--awb-border-radius-bottom-right:0px;--awb-border-radius-bottom-left:0px;--awb-padding-top:130px;--awb-padding-bottom:130px;--awb-padding-top-medium:90px;--awb-padding-bottom-medium:90px;--awb-margin-bottom-medium:0px;--awb-background-color:var(--awb-color1);--awb-flex-wrap:wrap;\" ><div class=\"fusion-builder-row fusion-row fusion-flex-align-items-flex-start fusion-flex-justify-content-flex-end fusion-flex-content-wrap\" style=\"max-width:calc( 1200px + 80px );margin-left: calc(-80px \/ 2 );margin-right: calc(-80px \/ 2 );\"><div class=\"fusion-layout-column fusion_builder_column fusion-builder-column-0 fusion_builder_column_3_5 3_5 fusion-flex-column fusion-column-no-min-height fusion-animated\" style=\"--awb-padding-right-medium:0px;--awb-padding-left-medium:0px;--awb-bg-blend:overlay;--awb-bg-size:cover;--awb-width-large:60%;--awb-margin-top-large:0px;--awb-spacing-right-large:calc( 0.13333333333333 * calc( 100% - 80px ) );--awb-margin-bottom-large:90px;--awb-spacing-left-large:40px;--awb-width-medium:50%;--awb-spacing-right-medium:calc( 0.16 * calc( 100% - 80px ) );--awb-margin-bottom-medium:49px;--awb-spacing-left-medium:40px;--awb-width-small:100%;--awb-spacing-right-small:40px;--awb-margin-bottom-small:0px;--awb-spacing-left-small:40px;\" data-animationType=\"fadeIn\" data-animationDuration=\"0.8\" data-animationOffset=\"top-into-view\"><div class=\"fusion-column-wrapper fusion-flex-justify-content-flex-start fusion-content-layout-column\"><div class=\"fusion-text fusion-text-1 fusion-text-no-margin\" style=\"--awb-font-size:var(--awb-typography3-font-size);--awb-line-height:var(--awb-typography3-line-height);--awb-letter-spacing:var(--awb-typography3-letter-spacing);--awb-text-transform:var(--awb-typography3-text-transform);--awb-text-color:var(--awb-color6);--awb-margin-top:0px;--awb-margin-right:0px;--awb-margin-bottom:0px;--awb-margin-left:0px;--awb-text-font-family:var(--awb-typography3-font-family);--awb-text-font-weight:var(--awb-typography3-font-weight);--awb-text-font-style:var(--awb-typography3-font-style);\"><p>Objectifs de D\u00e9veloppement Durable :<br \/>\n10 In\u00e9galit\u00e9s r\u00e9duites<br \/>\n16 Paix, justice et institutions efficaces<\/p>\n<\/div><div class=\"fusion-title title fusion-title-1 fusion-sep-none fusion-title-text fusion-title-size-three\" style=\"--awb-margin-bottom:0px;--awb-margin-top-small:10px;--awb-margin-right-small:0px;--awb-margin-bottom-small:10px;--awb-margin-left-small:0px;\"><h3 class=\"fusion-title-heading title-heading-left\" style=\"margin:0;\">Revenir \u00e0 l\u2019\u00e9cole, revenir au sourire<\/h3><\/div><\/div><\/div><div class=\"fusion-layout-column fusion_builder_column fusion-builder-column-1 fusion_builder_column_2_5 2_5 fusion-flex-column fusion-column-no-min-height fusion-animated\" style=\"--awb-padding-right-medium:0px;--awb-padding-left-medium:0px;--awb-bg-blend:overlay;--awb-bg-size:cover;--awb-width-large:40%;--awb-margin-top-large:0px;--awb-spacing-right-large:40px;--awb-margin-bottom-large:90px;--awb-spacing-left-large:calc( 0.04 * calc( 100% - 80px ) );--awb-width-medium:50%;--awb-spacing-right-medium:40px;--awb-margin-bottom-medium:49px;--awb-spacing-left-medium:calc( 0.032 * calc( 100% - 80px ) );--awb-width-small:100%;--awb-spacing-right-small:40px;--awb-margin-bottom-small:30px;--awb-spacing-left-small:40px;\" data-animationType=\"fadeIn\" data-animationDuration=\"0.8\" data-animationOffset=\"top-into-view\"><div class=\"fusion-column-wrapper fusion-flex-justify-content-flex-start fusion-content-layout-column\"><div class=\"fusion-separator fusion-full-width-sep\" style=\"align-self: center;margin-left: auto;margin-right: auto;margin-top:15px;width:100%;\"><\/div><div class=\"fusion-text fusion-text-2 fusion-text-no-margin\" style=\"--awb-text-color:hsla(var(--awb-color8-h),var(--awb-color8-s),var(--awb-color8-l),calc(var(--awb-color8-a) - 20%));--awb-margin-bottom:10px;\"><p class=\"p1\">Le th\u00e8me de cette ann\u00e9e invite les \u00e9l\u00e8ves \u00e0 red\u00e9couvrir l\u2019\u00e9cole comme un lieu de croissance, de lien, de cr\u00e9ativit\u00e9 et de participation. C\u2019est aussi un espace o\u00f9 les droits des enfants sont reconnus, prot\u00e9g\u00e9s et encourag\u00e9s.<\/p>\n<\/div><\/div><\/div><div class=\"fusion-layout-column fusion_builder_column fusion-builder-column-2 fusion_builder_column_1_1 1_1 fusion-flex-column fusion-animated\" style=\"--awb-padding-top:35vh;--awb-bg-position:center center;--awb-bg-size:cover;--awb-width-large:100%;--awb-margin-top-large:0px;--awb-spacing-right-large:40px;--awb-margin-bottom-large:90px;--awb-spacing-left-large:40px;--awb-width-medium:100%;--awb-order-medium:0;--awb-spacing-right-medium:40px;--awb-spacing-left-medium:40px;--awb-width-small:100%;--awb-order-small:0;--awb-spacing-right-small:40px;--awb-margin-bottom-small:60px;--awb-spacing-left-small:40px;\" data-animationType=\"fadeInUp\" data-animationDuration=\"0.8\" data-animationOffset=\"top-into-view\" data-scroll-devices=\"small-visibility,medium-visibility,large-visibility\"><div class=\"fusion-column-wrapper fusion-column-has-shadow fusion-flex-justify-content-flex-start fusion-content-layout-column\"><div class=\"fusion-image-element \" style=\"--awb-aspect-ratio: 100 \/ 57;--awb-object-position:18% 29%;--awb-margin-bottom-small:50px;--awb-caption-title-font-family:var(--h2_typography-font-family);--awb-caption-title-font-weight:var(--h2_typography-font-weight);--awb-caption-title-font-style:var(--h2_typography-font-style);--awb-caption-title-size:var(--h2_typography-font-size);--awb-caption-title-transform:var(--h2_typography-text-transform);--awb-caption-title-line-height:var(--h2_typography-line-height);--awb-caption-title-letter-spacing:var(--h2_typography-letter-spacing);\"><span class=\" fusion-imageframe imageframe-none imageframe-1 hover-type-none has-aspect-ratio fusion-animated\" style=\"--awb-animation-color:var(--awb-color4);\" data-animationType=\"revealInLeft\" data-animationDuration=\"1.3\" data-animationOffset=\"top-into-view\"><img decoding=\"async\" width=\"1450\" height=\"820\" title=\"BTS PORTADA FRA\" src=\"https:\/\/www.lasallefoundation.org\/wp-content\/uploads\/2025\/09\/BTS-PORTADA-FRA.png\" data-orig-src=\"https:\/\/www.lasallefoundation.org\/wp-content\/uploads\/2025\/09\/BTS-PORTADA-FRA.png\" class=\"lazyload img-responsive wp-image-7375 img-with-aspect-ratio\" data-parent-fit=\"cover\" data-parent-container=\".fusion-image-element\" alt srcset=\"data:image\/svg+xml,%3Csvg%20xmlns%3D%27http%3A%2F%2Fwww.w3.org%2F2000%2Fsvg%27%20width%3D%271450%27%20height%3D%27820%27%20viewBox%3D%270%200%201450%20820%27%3E%3Crect%20width%3D%271450%27%20height%3D%27820%27%20fill-opacity%3D%220%22%2F%3E%3C%2Fsvg%3E\" data-srcset=\"https:\/\/www.lasallefoundation.org\/wp-content\/uploads\/2025\/09\/BTS-PORTADA-FRA-200x113.png 200w, https:\/\/www.lasallefoundation.org\/wp-content\/uploads\/2025\/09\/BTS-PORTADA-FRA-400x226.png 400w, https:\/\/www.lasallefoundation.org\/wp-content\/uploads\/2025\/09\/BTS-PORTADA-FRA-600x339.png 600w, https:\/\/www.lasallefoundation.org\/wp-content\/uploads\/2025\/09\/BTS-PORTADA-FRA-800x452.png 800w, https:\/\/www.lasallefoundation.org\/wp-content\/uploads\/2025\/09\/BTS-PORTADA-FRA-1200x679.png 1200w, https:\/\/www.lasallefoundation.org\/wp-content\/uploads\/2025\/09\/BTS-PORTADA-FRA.png 1450w\" data-sizes=\"auto\" data-orig-sizes=\"(max-width: 700px) 100vw, 1200px\" \/><\/span><\/div><\/div><\/div><div class=\"fusion-layout-column fusion_builder_column fusion-builder-column-3 fusion_builder_column_1_2 1_2 fusion-flex-column\" style=\"--awb-bg-size:cover;--awb-width-large:50%;--awb-margin-top-large:0px;--awb-spacing-right-large:40px;--awb-margin-bottom-large:0px;--awb-spacing-left-large:40px;--awb-width-medium:50%;--awb-order-medium:0;--awb-spacing-right-medium:40px;--awb-spacing-left-medium:40px;--awb-width-small:100%;--awb-order-small:0;--awb-spacing-right-small:40px;--awb-spacing-left-small:40px;\"><div class=\"fusion-column-wrapper fusion-column-has-shadow fusion-flex-justify-content-flex-start fusion-content-layout-column\"><div class=\"fusion-text fusion-text-3\"><h2 class=\"p1\">Revenir \u00e0 l\u2019\u00e9cole, revenir au sourire<\/h2>\n<p class=\"p1\">Le guide d\u2019outils est une ressource con\u00e7ue pour vous accompagner, en tant qu\u2019enseignant\u00b7e\u00b7s, dans la mise en oeuvre d\u2019activit\u00e9s significatives et r\u00e9fl\u00e9chies avec les enfants et les jeunes avec lesquels vous travaillez au quotidien.<\/p>\n<p>Tout au long de ce guide, vous trouverez des supports con\u00e7us pour encourager le dialogue et la r\u00e9flexion sur des th\u00e9matiques cl\u00e9s, ancr\u00e9es dans la Convention des Nations Unies relative aux droits de l\u2019enfant et dans deux Objectifs de D\u00e9veloppement Durable (ODD) de l\u2019Agenda 2030.<\/p>\n<\/div><\/div><\/div><div class=\"fusion-layout-column fusion_builder_column fusion-builder-column-4 fusion_builder_column_1_2 1_2 fusion-flex-column\" style=\"--awb-bg-size:cover;--awb-width-large:50%;--awb-margin-top-large:0px;--awb-spacing-right-large:40px;--awb-margin-bottom-large:0px;--awb-spacing-left-large:40px;--awb-width-medium:50%;--awb-order-medium:0;--awb-spacing-right-medium:40px;--awb-spacing-left-medium:40px;--awb-width-small:100%;--awb-order-small:0;--awb-spacing-right-small:40px;--awb-spacing-left-small:40px;\"><div class=\"fusion-column-wrapper fusion-column-has-shadow fusion-flex-justify-content-flex-start fusion-content-layout-column\"><ul style=\"--awb-item-padding-top:20px;--awb-item-padding-right:20px;--awb-item-padding-bottom:20px;--awb-item-padding-left:15px;--awb-odd-row-bgcolor:hsla(var(--awb-color2-h),var(--awb-color2-s),var(--awb-color2-l),calc(var(--awb-color2-a) - 50%));--awb-iconcolor:var(--awb-color4);--awb-line-height:27.2px;--awb-icon-width:27.2px;--awb-icon-height:27.2px;--awb-icon-margin:11.2px;--awb-content-margin:38.4px;\" class=\"fusion-checklist fusion-checklist-1 type-icons\"><li class=\"fusion-li-item\" style=\"\"><span class=\"icon-wrapper circle-no\"><i class=\"fusion-li-icon fa-dice-d6 fas\" aria-hidden=\"true\"><\/i><\/span><div class=\"fusion-li-item-content\">\n<p>En collaboration avec d\u2019autres organisations lasalliennes, nous avons cr\u00e9\u00e9 du mat\u00e9riel pour les \u00e9l\u00e8ves de tous \u00e2ges afin de parler de la biodiversit\u00e9 sur terre, de la d\u00e9forestation et de la d\u00e9sertification.<\/p>\n<h3 data-start=\"388\" data-end=\"411\"><\/h3>\n<\/div><\/li><li class=\"fusion-li-item\" style=\"\"><span class=\"icon-wrapper circle-no\"><i class=\"fusion-li-icon fa-school fas\" aria-hidden=\"true\"><\/i><\/span><div class=\"fusion-li-item-content\">\n<p data-start=\"232\" data-end=\"445\">La campagne est ouverte aux \u00e9coles, aux enseignants, aux parents et \u00e0 toute personne d\u00e9sireuse de sensibiliser et d\u2019\u00e9duquer les nouvelles g\u00e9n\u00e9rations aux valeurs de solidarit\u00e9 et de justice sociale.<\/p>\n<\/div><\/li><li class=\"fusion-li-item\" style=\"\"><span class=\"icon-wrapper circle-no\"><i class=\"fusion-li-icon fa-arrow-circle-down fas\" aria-hidden=\"true\"><\/i><\/span><div class=\"fusion-li-item-content\">\n<p data-start=\"382\" data-end=\"555\">Vous jouez un r\u00f4le essentiel en tant qu\u2019\u00e9ducateur et educatrice, en aidant les enfants et les jeunes \u00e0 grandir \u2014 non seulement sur le plan acad\u00e9mique, mais aussi en tant que citoyennes r\u00e9fl\u00e9chies et compatissantes du monde. <strong>Cliquez ici pour t\u00e9l\u00e9charger le guide !<\/strong><\/p>\n<\/div><\/li><\/ul><\/div><\/div><\/div><\/div><div class=\"fusion-fullwidth fullwidth-box fusion-builder-row-2 fusion-flex-container has-pattern-background has-mask-background nonhundred-percent-fullwidth non-hundred-percent-height-scrolling\" style=\"--link_hover_color: var(--awb-color5);--link_color: var(--awb-color5);--awb-background-position:right top;--awb-background-blend-mode:overlay;--awb-border-color:var(--awb-color1);--awb-border-radius-top-left:0px;--awb-border-radius-top-right:0px;--awb-border-radius-bottom-right:0px;--awb-border-radius-bottom-left:0px;--awb-padding-top:90px;--awb-padding-bottom:90px;--awb-padding-top-medium:70px;--awb-padding-bottom-medium:70px;--awb-padding-top-small:102px;--awb-padding-right-small:40px;--awb-padding-bottom-small:46px;--awb-padding-left-small:40px;--awb-margin-bottom-medium:0px;--awb-background-image:linear-gradient(152deg, hsla(var(--awb-color2-h),calc(var(--awb-color2-s) + 100%),var(--awb-color2-l),var(--awb-color2-a)) 0%,hsla(var(--awb-color4-h),calc(var(--awb-color4-s) + 30%),calc(var(--awb-color4-l) + 11%),var(--awb-color4-a)) 70%);--awb-flex-wrap:wrap;\" ><div class=\"fusion-builder-row fusion-row fusion-flex-align-items-center fusion-flex-justify-content-center fusion-flex-content-wrap\" style=\"max-width:1248px;margin-left: calc(-4% \/ 2 );margin-right: calc(-4% \/ 2 );\"><div class=\"fusion-layout-column fusion_builder_column fusion-builder-column-5 fusion_builder_column_1_2 1_2 fusion-flex-column fusion-animated\" style=\"--awb-bg-size:cover;--awb-width-large:50%;--awb-margin-top-large:0px;--awb-spacing-right-large:72px;--awb-margin-bottom-large:0px;--awb-spacing-left-large:3.84%;--awb-width-medium:40%;--awb-order-medium:0;--awb-spacing-right-medium:70px;--awb-spacing-left-medium:4.8%;--awb-width-small:100%;--awb-order-small:0;--awb-spacing-right-small:1.92%;--awb-spacing-left-small:1.92%;\" data-animationType=\"fadeIn\" data-animationDuration=\"1.3\" data-animationOffset=\"top-into-view\"><div class=\"fusion-column-wrapper fusion-column-has-shadow fusion-flex-justify-content-flex-start fusion-content-layout-column\"><div class=\"fusion-image-element \" style=\"--awb-aspect-ratio: 100 \/ 44;--awb-object-position:22% 0%;--awb-margin-bottom-small:50px;--awb-caption-title-font-family:var(--h2_typography-font-family);--awb-caption-title-font-weight:var(--h2_typography-font-weight);--awb-caption-title-font-style:var(--h2_typography-font-style);--awb-caption-title-size:var(--h2_typography-font-size);--awb-caption-title-transform:var(--h2_typography-text-transform);--awb-caption-title-line-height:var(--h2_typography-line-height);--awb-caption-title-letter-spacing:var(--h2_typography-letter-spacing);\"><span class=\" fusion-imageframe imageframe-none imageframe-2 hover-type-none has-aspect-ratio fusion-animated\" style=\"--awb-animation-color:var(--awb-color4);\" data-animationType=\"revealInLeft\" data-animationDuration=\"1.3\" data-animationOffset=\"top-into-view\"><img decoding=\"async\" width=\"1450\" height=\"820\" title=\"BTS ACTIVITY FRA\" src=\"https:\/\/www.lasallefoundation.org\/wp-content\/uploads\/2025\/09\/BTS-ACTIVITY-FRA.png\" data-orig-src=\"https:\/\/www.lasallefoundation.org\/wp-content\/uploads\/2025\/09\/BTS-ACTIVITY-FRA.png\" class=\"lazyload img-responsive wp-image-7371 img-with-aspect-ratio\" data-parent-fit=\"cover\" data-parent-container=\".fusion-image-element\" alt srcset=\"data:image\/svg+xml,%3Csvg%20xmlns%3D%27http%3A%2F%2Fwww.w3.org%2F2000%2Fsvg%27%20width%3D%271450%27%20height%3D%27820%27%20viewBox%3D%270%200%201450%20820%27%3E%3Crect%20width%3D%271450%27%20height%3D%27820%27%20fill-opacity%3D%220%22%2F%3E%3C%2Fsvg%3E\" data-srcset=\"https:\/\/www.lasallefoundation.org\/wp-content\/uploads\/2025\/09\/BTS-ACTIVITY-FRA-200x113.png 200w, https:\/\/www.lasallefoundation.org\/wp-content\/uploads\/2025\/09\/BTS-ACTIVITY-FRA-400x226.png 400w, https:\/\/www.lasallefoundation.org\/wp-content\/uploads\/2025\/09\/BTS-ACTIVITY-FRA-600x339.png 600w, https:\/\/www.lasallefoundation.org\/wp-content\/uploads\/2025\/09\/BTS-ACTIVITY-FRA-800x452.png 800w, https:\/\/www.lasallefoundation.org\/wp-content\/uploads\/2025\/09\/BTS-ACTIVITY-FRA-1200x679.png 1200w, https:\/\/www.lasallefoundation.org\/wp-content\/uploads\/2025\/09\/BTS-ACTIVITY-FRA.png 1450w\" data-sizes=\"auto\" data-orig-sizes=\"(max-width: 700px) 100vw, 600px\" \/><\/span><\/div><\/div><\/div><div class=\"fusion-layout-column fusion_builder_column fusion-builder-column-6 fusion-flex-column fusion-animated\" style=\"--awb-padding-bottom-medium:0px;--awb-bg-size:cover;--awb-width-large:50%;--awb-margin-top-large:0px;--awb-spacing-right-large:3.84%;--awb-margin-bottom-large:9px;--awb-spacing-left-large:55px;--awb-width-medium:60%;--awb-order-medium:0;--awb-spacing-right-medium:3.2%;--awb-spacing-left-medium:20px;--awb-width-small:100%;--awb-order-small:0;--awb-spacing-right-small:1.92%;--awb-spacing-left-small:20px;\" data-animationType=\"fadeInRight\" data-animationDuration=\"1.3\" data-animationOffset=\"top-into-view\"><div class=\"fusion-column-wrapper fusion-column-has-shadow fusion-flex-justify-content-flex-start fusion-content-layout-column\"><div class=\"fusion-title title fusion-title-2 fusion-sep-none fusion-title-text fusion-title-size-two\" style=\"--awb-margin-top:20px;--awb-margin-bottom:30px;--awb-margin-top-small:10px;--awb-margin-right-small:0px;--awb-margin-bottom-small:10px;--awb-margin-left-small:0px;\"><h2 class=\"fusion-title-heading title-heading-left\" style=\"margin:0;\">Cliquez ici pour t\u00e9l\u00e9charger le guide !<\/h2><\/div><div class=\"fusion-text fusion-text-4 fusion-text-no-margin\" style=\"--awb-margin-top:0px;--awb-margin-right:0px;--awb-margin-bottom:50px;--awb-margin-left:0px;\"><p>Vous pouvez \u00e9galement trouver le guide en trois autres langues.<\/p>\n<\/div><div ><a class=\"fusion-button button-flat fusion-button-default-size button-default fusion-button-default button-1 fusion-button-default-span \" style=\"--button_bevel_color:var(--awb-color4);--button_bevel_color_hover:var(--awb-color4);--button_padding-top:18px;--button_padding-right:40px;--button_padding-bottom:18px;--button_padding-left:40px;\" target=\"_self\" data-hover=\"text_slide_up\" href=\"https:\/\/drive.google.com\/drive\/folders\/1I490EPjkBXTkQ5qB3GNqd24bPDeFy5D6?usp=sharing\"><div class=\"awb-button-text-transition  awb-button__hover-content--centered\"><span class=\"fusion-button-text awb-button__text awb-button__text--default\">Cliquez ici pour t\u00e9l\u00e9charger le guide !<\/span><span class=\"fusion-button-text awb-button__text awb-button__text--default\">Cliquez ici pour t\u00e9l\u00e9charger le guide !<\/span><\/div><\/a><\/div><\/div><\/div><\/div><\/div><\/p>\n","protected":false},"excerpt":{"rendered":"","protected":false},"author":3,"featured_media":7358,"parent":4208,"menu_order":0,"comment_status":"closed","ping_status":"closed","template":"100-width.php","meta":{"om_disable_all_campaigns":false,"_monsterinsights_skip_tracking":false,"_monsterinsights_sitenote_active":false,"_monsterinsights_sitenote_note":"","_monsterinsights_sitenote_category":0,"_uf_show_specific_survey":0,"_uf_disable_surveys":false,"footnotes":""},"class_list":["post-7368","page","type-page","status-publish","has-post-thumbnail","hentry"],"aioseo_notices":[],"_links":{"self":[{"href":"https:\/\/www.lasallefoundation.org\/fr\/wp-json\/wp\/v2\/pages\/7368","targetHints":{"allow":["GET"]}}],"collection":[{"href":"https:\/\/www.lasallefoundation.org\/fr\/wp-json\/wp\/v2\/pages"}],"about":[{"href":"https:\/\/www.lasallefoundation.org\/fr\/wp-json\/wp\/v2\/types\/page"}],"author":[{"embeddable":true,"href":"https:\/\/www.lasallefoundation.org\/fr\/wp-json\/wp\/v2\/users\/3"}],"replies":[{"embeddable":true,"href":"https:\/\/www.lasallefoundation.org\/fr\/wp-json\/wp\/v2\/comments?post=7368"}],"version-history":[{"count":3,"href":"https:\/\/www.lasallefoundation.org\/fr\/wp-json\/wp\/v2\/pages\/7368\/revisions"}],"predecessor-version":[{"id":7379,"href":"https:\/\/www.lasallefoundation.org\/fr\/wp-json\/wp\/v2\/pages\/7368\/revisions\/7379"}],"up":[{"embeddable":true,"href":"https:\/\/www.lasallefoundation.org\/fr\/wp-json\/wp\/v2\/pages\/4208"}],"wp:featuredmedia":[{"embeddable":true,"href":"https:\/\/www.lasallefoundation.org\/fr\/wp-json\/wp\/v2\/media\/7358"}],"wp:attachment":[{"href":"https:\/\/www.lasallefoundation.org\/fr\/wp-json\/wp\/v2\/media?parent=7368"}],"curies":[{"name":"wp","href":"https:\/\/api.w.org\/{rel}","templated":true}]}}