{"id":4478,"date":"2023-10-31T11:19:32","date_gmt":"2023-10-31T10:19:32","guid":{"rendered":"https:\/\/dev.lasallefoundation.org\/privacy-policy-es\/"},"modified":"2024-03-05T09:49:43","modified_gmt":"2024-03-05T08:49:43","slug":"privacy-policy","status":"publish","type":"page","link":"https:\/\/www.lasallefoundation.org\/fr\/privacy-policy\/","title":{"rendered":"Privacy Policy"},"content":{"rendered":"<div class=\"fusion-fullwidth fullwidth-box fusion-builder-row-1 fusion-flex-container nonhundred-percent-fullwidth non-hundred-percent-height-scrolling\" style=\"--awb-border-radius-top-left:0px;--awb-border-radius-top-right:0px;--awb-border-radius-bottom-right:0px;--awb-border-radius-bottom-left:0px;--awb-flex-wrap:wrap;\" ><div class=\"fusion-builder-row fusion-row fusion-flex-align-items-flex-start fusion-flex-content-wrap\" style=\"max-width:1248px;margin-left: calc(-4% \/ 2 );margin-right: calc(-4% \/ 2 );\"><div class=\"fusion-layout-column fusion_builder_column fusion-builder-column-0 fusion_builder_column_1_1 1_1 fusion-flex-column\" style=\"--awb-bg-size:cover;--awb-width-large:100%;--awb-margin-top-large:0px;--awb-spacing-right-large:1.92%;--awb-margin-bottom-large:0px;--awb-spacing-left-large:1.92%;--awb-width-medium:100%;--awb-spacing-right-medium:1.92%;--awb-spacing-left-medium:1.92%;--awb-width-small:100%;--awb-spacing-right-small:1.92%;--awb-spacing-left-small:1.92%;\"><div class=\"fusion-column-wrapper fusion-flex-justify-content-flex-start fusion-content-layout-column\"><div class=\"fusion-title title fusion-title-1 fusion-sep-none fusion-title-text fusion-title-size-two\" style=\"--awb-margin-top-small:10px;--awb-margin-right-small:0px;--awb-margin-bottom-small:10px;--awb-margin-left-small:0px;\"><h2 class=\"fusion-title-heading title-heading-left\" style=\"margin:0;\">INFORMATIONS SUR LE TRAITEMENT DES DONN\u00c9ES PERSONNELLES<\/h2><\/div><div class=\"fusion-text fusion-text-1\"><p>Vos donn\u00e9es personnelles seront utilis\u00e9es par la Fondation De La Salle Solidariet\u00e0 Internazionale ETS, qui en est le Contr\u00f4leur, conform\u00e9ment aux principes de protection des donn\u00e9es personnelles \u00e9tablis par le R\u00e8glement GDPR 2016\/679 et les l\u00e9gislations nationales en vigueur.<\/p>\n<p>M\u00c9THODES ET FINALIT\u00c9S DU TRAITEMENT DES DONN\u00c9ES<br \/>\n1. Nous vous informons que les donn\u00e9es seront trait\u00e9es \u00e0 l&rsquo;aide des moyens suivants:<br \/>\nSciences informatiques<br \/>\nMixte (\u00e9lectronique et sur papier)<br \/>\naux fins suivantes :<\/p>\n<p>Respect des obligations fiscales ou comptables<br \/>\nSolidarit\u00e9 et activit\u00e9s caritatives<br \/>\nActivit\u00e9s de b\u00e9n\u00e9volat<br \/>\nActivit\u00e9s pour l&rsquo;organisation d&rsquo;\u00e9v\u00e9nements, s\u00e9minaires et conf\u00e9rences<br \/>\nCommunication multim\u00e9dia<br \/>\nPr\u00e9paration, impression, conditionnement et d\u00e9livrance des documents<br \/>\nGestion des fournisseurs (contrats, commandes, arrivages, factures)<br \/>\nGestion du personnel<br \/>\nRelations avec les donateurs<br \/>\nInformations t\u00e9l\u00e9matiques<br \/>\nBulletin d&rsquo;information<br \/>\nSite Web<br \/>\nAcquisition de mat\u00e9riel de vid\u00e9osurveillance uniquement en cas de s\u00e9curisation.<br \/>\nEn particulier, pour les finalit\u00e9s indiqu\u00e9es ci-dessous, les donn\u00e9es des utilisateurs ne seront trait\u00e9es qu&rsquo;avec le consentement explicite de l&rsquo;utilisateur:<\/p>\n<p>BASE JURIDIQUE<br \/>\n2. Les bases juridiques du traitement commun des donn\u00e9es, conform\u00e9ment \u00e0 l&rsquo;article 6 du r\u00e8glementrelatif au GDPR, sont :<br \/>\nLe Droit<br \/>\nLes Int\u00e9r\u00eats l\u00e9gitimes<br \/>\nLe Contrat<br \/>\nLe Consentement<br \/>\nLes bases juridiques des cat\u00e9gories particuli\u00e8res de traitement des donn\u00e9es personnel, conform\u00e9ment \u00e0 l&rsquo;article 9 du r\u00e8glement relatif au traitement des donn\u00e9es \u00e0 caract\u00e8re personnel, sont :<\/p>\n<p>Le Droit<br \/>\nLes Int\u00e9r\u00eats l\u00e9gitimes<br \/>\nLe Contrat<br \/>\nLe Consentement<br \/>\nLa communication des donn\u00e9es est obligatoire pour toutes les obligations l\u00e9gales et contractuelles et, par cons\u00e9quent, tout refus de les fournir totalement ou partiellement peut entra\u00eener l&rsquo;impossibilit\u00e9 de fournir les services demand\u00e9s.<\/p>\n<p>La Fondation traite les donn\u00e9es facultatives des utilisateurs avec leur consentement, c&rsquo;est-\u00e0-dire en approuvant explicitement la pr\u00e9sente politique de confidentialit\u00e9 et les m\u00e9thodes et objectifs d\u00e9crits ci-dessous.<\/p>\n<p>CAT\u00c9GORIES DE B\u00c9N\u00c9FICIAIRES<\/p>\n<p>3. Toutes les donn\u00e9es collect\u00e9es et trait\u00e9es, sans exception aux communications effectu\u00e9esconform\u00e9ment aux obligations l\u00e9gales et contractuelles, peuvent \u00eatre communiqu\u00e9es exclusivement, aux finsmentionn\u00e9es ci-dessus, aux cat\u00e9gories de b\u00e9n\u00e9ficiaires suivantes :<br \/>\nAutres autorit\u00e9s publiques<br \/>\nAutorit\u00e9s de surveillance et de contr\u00f4le<br \/>\nB\u00e9n\u00e9ficiaires directs et indirects<br \/>\nConsultants et travailleurs ind\u00e9pendants \u00e9galement associ\u00e9s<br \/>\nEmployeur<br \/>\nInstitutions de s\u00e9curit\u00e9 sociale et d&rsquo;assistance sociale<br \/>\nEntit\u00e9s financi\u00e8res publiques<br \/>\nForces de police<br \/>\nSoci\u00e9t\u00e9s fournissant des services de stockage et de logistique de transport<br \/>\nEntreprises et entreprises<br \/>\nFonctions judiciaires<br \/>\nLes cat\u00e9gories suivantes de personnes autoris\u00e9es et\/ou de gestionnaires internes et externes identifi\u00e9s par \u00e9crit et dot\u00e9s d&rsquo;instructions \u00e9crites sp\u00e9cifiques sur le traitement des donn\u00e9es peuvent avoir connaissance de la gestion de vos donn\u00e9es:<\/p>\n<p>Num\u00e9ro de TVA 11267011002, repr\u00e9sent\u00e9 par Amilcare Boccuccia &#8211; Repr\u00e9sentant l\u00e9gal<br \/>\nSerena Pegorin, code fiscal PGRSRN87L56L56L56L719A &#8211; Employ\u00e9 ;<br \/>\nLaura Ballerini, Code fiscal BLLLLRA92L55H501V &#8211; Employ\u00e9 ;<br \/>\nEleonora Munaretto Code fiscal MNRLN92D44H501V \u2013 Employ\u00e9e<br \/>\nCAT\u00c9GORIES DE DONN\u00c9ES PERSONNELLES<br \/>\n4.Conform\u00e9ment \u00e0 l&rsquo;article 14 du r\u00e8glement RDPPB, aucune donn\u00e9e n&rsquo;ayant \u00e9t\u00e9 obtenue de la partieint\u00e9ress\u00e9e, les cat\u00e9gories de donn\u00e9es personnelles faisant l&rsquo;objet du traitement sont communiqu\u00e9es:<br \/>\nCode fiscal et autres num\u00e9ros d&rsquo;identification personnels (cartes d&rsquo;assurance maladie)<br \/>\nDonn\u00e9es d&rsquo;identification (nom ou raison sociale, ou noms et pr\u00e9noms des personnesphysiques, adresse, t\u00e9l\u00e9phone, fax, e-mail, donn\u00e9es fiscales, etc)<br \/>\nDonn\u00e9es comportementales (enregistrement des dons)<br \/>\nTravail (emploi actuel et ancien, informations sur l&#8217;embauche, l&rsquo;apprentissage ou la formationprofessionnelle, informations sur la suspension ou la cessation d&#8217;emploi ou le changementd&#8217;emploi, curriculum vitae)<br \/>\nNom, adresse ou autres \u00e9l\u00e9ments d&rsquo;identification personnelle (nom, pr\u00e9nom, \u00e2ge, sexe, lieu etdate de naissance, adresse priv\u00e9e, adresse professionnelle)<br \/>\nD\u00e9tails (de nature sensible)<br \/>\nPersonnel<\/p>\n<p>STRUCTURE INFORMATIQUE<\/p>\n<p>Activit\u00e9 Gestion du personnel<br \/>\nstructure informatique Serveur IP: 192.168.10.13<br \/>\nType de structure Internae<br \/>\nLieu De La Salle Solidariet\u00e0 Internazionale ETS (Rome)<br \/>\nActivit\u00e9 Photos, videos et interviews<br \/>\nstructure informatique Serveur IP: 192.168.10.13<br \/>\nType de structure Internae<br \/>\nLieu De La Salle Solidariet\u00e0 Internazionale ETS (Rome)<\/p>\n<p>P\u00c9RIODE DE STOCKAGE<\/p>\n<p>TLa dur\u00e9e de stockage des donn\u00e9es est la suivante : Les donn\u00e9es seront trait\u00e9es pendant le temps n\u00e9cessaire \u00e0 la r\u00e9alisation de la relation de collaboration \u00e9tablie au cours des dix prochaines ann\u00e9es \u00e0 compter de la date de collecte des donn\u00e9es.<\/p>\n<p>DROITS DE L&rsquo;INT\u00c9RESS\u00c9<\/p>\n<p>5. Conform\u00e9ment au R\u00e8glement europ\u00e9en 679\/2016 (GDPR) et \u00e0 la l\u00e9gislation nationale en vigueur,l&rsquo;int\u00e9ress\u00e9 peut exercer, dans les conditions et limites pr\u00e9vues par la l\u00e9gislation en vigueur, les droits suivants:<br \/>\ndemander la confirmation de l&rsquo;existence de donn\u00e9es \u00e0 caract\u00e8re personnel le concernant (droit d&rsquo;acc\u00e8sde l&rsquo;int\u00e9ress\u00e9 &#8211; article 15 du r\u00e8glement 679\/2016)<br \/>\nconna\u00eetre son origine<br \/>\nrecevoir une communication compr\u00e9hensible<br \/>\ndisposer d&rsquo;informations sur la logique, les m\u00e9thodes et les objectifs du traitement ;<br \/>\ndemander la mise \u00e0 jour, la rectification, l&rsquo;int\u00e9gration, l&rsquo;annulation, la transformation sous formeanonyme, le verrouillage des donn\u00e9es trait\u00e9es en violation de la loi, y compris celles qui ne sont plusn\u00e9cessaires \u00e0 la r\u00e9alisation des finalit\u00e9s pour lesquelles elles ont \u00e9t\u00e9 collect\u00e9es (droit de rectification etannulation &#8211; articles 16 et 17 du r\u00e8glement 679\/2016)<br \/>\ndroit de limiter et\/ou de refuser le traitement des donn\u00e9es le concernant (article 18 du r\u00e8glement679\/2016)<br \/>\ndroit d&rsquo;annulation<br \/>\nle droit \u00e0 la portabilit\u00e9 des donn\u00e9es (article 20 du r\u00e8glement 679\/2016)<br \/>\nen cas de traitement fond\u00e9 sur le consentement, recevoir leurs donn\u00e9es fournies du responsable dutraitement, dans un format structur\u00e9 et lisible, dans un format g\u00e9n\u00e9ralement utilis\u00e9 par un dispositif\u00e9lectronique<br \/>\nle droit de pr\u00e9senter une r\u00e9clamation \u00e0 l&rsquo;Autorit\u00e9 de contr\u00f4le (droit d&rsquo;acc\u00e8s de la personne concern\u00e9e -article 15 du r\u00e8glement 679\/2016).<br \/>\n6. The controller of the processing of your personal data is the De La Salle Solidariet\u00e0 Internazionale ETS, VAT Number 11267011002, Tax Identification Number11267011002.<br \/>\n7.<\/p>\n<p>Email privacyfoundation@lasalle.org<br \/>\nPhone 06665231<\/p>\n<p>Qu&rsquo;est-ce qu&rsquo;un cookie?<\/p>\n<p>Un \u00ab\u00a0cookie\u00a0\u00bb est un fichier texte qui est stock\u00e9 sur votre ordinateur lorsque vous acc\u00e9dez \u00e0 un site Web pour fournir des informations lorsque vous revenez sur le m\u00eame site. C&rsquo;est une sorte de rappel du site visit\u00e9. Avec le cookie, le serveur web envoie des informations au navigateur de l&rsquo;utilisateur (Internet Explorer, Mozilla Firefox, Google Chrome, etc.) stock\u00e9es sur l&rsquo;ordinateur de l&rsquo;utilisateur, et sera lu et mis \u00e0 jour chaque fois que l&rsquo;utilisateur retourne sur le site. De cette fa\u00e7on, le site Web peut s&rsquo;adapter automatiquement \u00e0 l&rsquo;utilisateur. Au cours de la navigation, l&rsquo;utilisateur peut \u00e9galement recevoir des cookies de diff\u00e9rents sites sur son terminal (cookies \u00ab\u00a0tiers\u00a0\u00bb), \u00e9tablis directement par les administrateurs desdits sites et utilis\u00e9s aux fins et selon les modalit\u00e9s qu&rsquo;ils auront d\u00e9finies. Selon leur dur\u00e9e, ils sont divis\u00e9s en cookies de session (c&rsquo;est-\u00e0-dire qu&rsquo;ils sont temporaires et sont automatiquement supprim\u00e9s par le terminal \u00e0 la fin de la session de navigation, en fermant le navigateur) et en cookies persistants (c&rsquo;est-\u00e0-dire ceux qui restent stock\u00e9s dans le terminal jusqu&rsquo;\u00e0 leur expiration ou sont supprim\u00e9s) par l&rsquo;utilisateur.) Selon la fonction et le but de l&rsquo;utilisation, les cookies peuvent \u00eatre divis\u00e9s en cookies techniques et cookies de profilage.<\/p>\n<p>Cookies techniques<br \/>\nCertains cookies sont utilis\u00e9s pour effectuer l&rsquo;authentification de l&rsquo;ordinateur, la surveillance des sessions et le stockage d&rsquo;informations sp\u00e9cifiques des utilisateurs qui acc\u00e8dent \u00e0 une page Web. Ces cookies, appel\u00e9s techniques, sont souvent utiles pour vous permettre de naviguer sur un site Web et d&rsquo;utiliser toutes ses fonctions. Les cookies techniques sont ceux dont l&rsquo;utilisation ne n\u00e9cessite pas le consentement de l&rsquo;utilisateur. Les cookies analytiques appartiennent \u00e9galement \u00e0 cette cat\u00e9gorie. Il s&rsquo;agit de cookies qui collectent des informations sur l&rsquo;utilisation qu&rsquo;un utilisateur fait d&rsquo;un site Web et lui permettent d&rsquo;am\u00e9liorer son fonctionnement. Par exemple, les cookies d&rsquo;analyse &#8211; qui indiquent quelles pages sont les plus fr\u00e9quemment visit\u00e9es &#8211; vous permettent de v\u00e9rifier quelles sont les habitudes r\u00e9currentes d&rsquo;utilisation d&rsquo;un site Web et vous aident \u00e0 comprendre chaque difficult\u00e9 que vous rencontrez lors de son utilisation.<\/p>\n<p>Profilage des cookies<br \/>\nEn revanche, d&rsquo;autres cookies peuvent \u00eatre utilis\u00e9s pour surveiller et profiler les utilisateurs pendant la navigation, pour \u00e9tudier leurs mouvements et leurs habitudes de navigation ou de consommation (ce qu&rsquo;ils ach\u00e8tent, ce qu&rsquo;ils lisent, etc.), ainsi que pour envoyer des services et publicit\u00e9s sp\u00e9cifiques et personnalis\u00e9s. Dans ce cas, nous parlons de profilage de cookies. L&rsquo;utilisation de ces cookies n\u00e9cessite l&rsquo;obtention pr\u00e9alable du consentement libre et en toute connaissance de cause de l&rsquo;utilisateur, conform\u00e9ment \u00e0 l&rsquo;article 7 du r\u00e8glement 2016\/679 de l&rsquo;UE et aux l\u00e9gislations nationales en vigueur.<\/p>\n<p>Cookies de tiers<br \/>\nUn site Web peut placer des cookies provenant d&rsquo;autres sites et de divers \u00e9l\u00e9ments h\u00e9berg\u00e9s sur la page elle-m\u00eame, tels que des banni\u00e8res publicitaires, des images, des vid\u00e9os, des cartes ou des liens sp\u00e9cifiques vers des pages Web d&rsquo;autres domaines qui sont h\u00e9berg\u00e9es sur des serveurs autres que celui sur lequel la page demand\u00e9e est situ\u00e9e. En d&rsquo;autres termes, ces cookies sont plac\u00e9s directement par des op\u00e9rateurs de sites Web ou des serveurs autres que ce site Web. Dans ces cas, nous parlons de cookies tiers, qui sont g\u00e9n\u00e9ralement utilis\u00e9s \u00e0 des fins de profilage. L&rsquo;utilisation de ces cookies n\u00e9cessite le consentement libre et en toute connaissance de cause de l&rsquo;utilisateur pr\u00e9alable.<\/p>\n<p>Types de cookies utilis\u00e9s par notre site<br \/>\nLes principales fonctions des cookies install\u00e9s par www.lasallefondation.org sont techniques, et sont utilis\u00e9es pour am\u00e9liorer en permanence le Service, pour l&rsquo;authentification, pour des fins statistiques, telles que le nombre de visites sur le site. L&rsquo;utilisation de cookies est donc strictement destin\u00e9e \u00e0 faciliter le fonctionnement du serveur lors de la navigation sur le Service. Le site autorise \u00e9galement les cookies tiers suivants. Ces cookies ne sont pas des outils propri\u00e9taires, pour plus d&rsquo;informations, il est donc possible d&rsquo;acc\u00e9der aux informations et aux formulaires de consentement des tiers, en cliquant sur les liens affich\u00e9s. Afin d&rsquo;am\u00e9liorer le site Web et de comprendre quelles parties ou quels \u00e9l\u00e9ments sont les plus appr\u00e9ci\u00e9s par les utilisateurs, des cookies Google Analytics tiers sont utilis\u00e9s comme outil d&rsquo;analyse anonyme et global. Ces cookies ne sont pas des outils propri\u00e9taires, pour plus d&rsquo;informations, vous pouvez donc consulter les informations fournies par Google. Les pages du site web incorporent des widgets et des boutons pour partager Facebook et Google Plus, pour permettre \u00e0 l&rsquo;utilisateur de partager le contenu du site web sur leurs canaux sociaux, et d&rsquo;interagir avec nos canaux. Ces cookies ne sont pas des outils propri\u00e9taires, mais sont cr\u00e9\u00e9s par Facebook et Google respectivement lorsque vous utilisez le widget ou le bouton de partage correspondant. Pour en savoir plus, consultez les pages d&rsquo;information suivantes : Facebook et Google. Certaines pages Web y ajoutent du contenu vid\u00e9o YouTube. En visitant une page contenant une vid\u00e9o, ou en cliquant pour visionner la vid\u00e9o, des cookies de YouTube peuvent \u00eatre appel\u00e9s. Ces cookies ne sont pas des outils propri\u00e9taires. Pour en savoir plus, visitez la page d&rsquo;information de Google. Le site pourrait utiliser les programmes Facebook ADS g\u00e9r\u00e9s par Facebook Inc, Google Adwords et la technologie Google Remarketing, g\u00e9r\u00e9e par Google Inc. La fonction de suivi des conversions de Facebook ADS et AdWords utilise \u00e9galement des cookies pour nous aider \u00e0 suivre les ventes et autres conversions.<\/p>\n<p>Gestion des cookies<br \/>\nL&rsquo;utilisateur peut g\u00e9rer ses propres pr\u00e9f\u00e9rences en mati\u00e8re de cookies gr\u00e2ce aux fonctions pr\u00e9sentes dans les navigateurs courants qui permettent de effacer\/supprimer (tous ou certains) ou de modifier les param\u00e8tres du navigateur lui-m\u00eame pour bloquer les cookies ou les limiter \u00e0 certains sites (par rapport aux autres). Il est donc possible de refuser l&rsquo;utilisation des cookies en suivant la proc\u00e9dure de d\u00e9sactivation fournie par votre navigateur. Voici les m\u00e9thodes propos\u00e9es par les principaux navigateurs : Microsoft Windows Explorer, Mozilla Firefox, Google Chrome, Apple Safari, Google Analytics en t\u00e9l\u00e9chargeant un plug-in de navigateur sp\u00e9cifique.<\/p>\n<p>Pour plus d&rsquo;informations sur les cookies stock\u00e9s sur votre terminal et pour les d\u00e9sactiver individuellement, consultez le lien :http:\/\/www.youronlinechoices.com\/it\/le-tue-scelte<\/p>\n<p>Plugin de r\u00e9seau social<\/p>\n<p>Le site www.lasallefondation.org a install\u00e9 des plugins et\/ou des commandes pour les r\u00e9seaux sociaux, afin de permettre un partage facile du contenu sur vos r\u00e9seaux sociaux favoris. Ces plugins sont programm\u00e9s de mani\u00e8re \u00e0 ne pas installer de cookies lors de l&rsquo;acc\u00e8s \u00e0 la page, afin de prot\u00e9ger la vie priv\u00e9e des utilisateurs. Eventuellement, des cookies sont mis en place, s&rsquo;ils sont fournis par les r\u00e9seaux sociaux, uniquement lorsque l&rsquo;utilisateur fait un usage effectif et volontaire du plugin. Gardez \u00e0 l&rsquo;esprit que si l&rsquo;utilisateur surfe sur le r\u00e9seau social, il a d\u00e9j\u00e0 consenti \u00e0 l&rsquo;utilisation des cookies transmis par ce site au moment de son inscription au r\u00e9seau social.<br \/>\nLa collecte et l&rsquo;utilisation des informations obtenues par le biais du plugin sont r\u00e9gies par les politiques de confidentialit\u00e9 respectives des r\u00e9seaux sociaux, auxquelles nous vous invitons \u00e0 vous r\u00e9f\u00e9rer.<\/p>\n<p>Facebook cookie information link<br \/>\nTwitter cookie information link<br \/>\nLinkedIn cookie information link<br \/>\nGoogle+ cookie information link<\/p>\n<p>Cette politique de confidentialit\u00e9 peut subir des changements au fil du temps, \u00e9galement li\u00e9s \u00e0 l&rsquo;entr\u00e9e en vigueur des nouvelles r\u00e9glementations du secteur, \u00e0 la mise \u00e0 jour ou \u00e0 la fourniture de nouveaux services ou innovations technologiques, pour lesquels l&rsquo;utilisateur\/visiteur est invit\u00e9 \u00e0 consulter cette page de temps \u00e0 autre : www.lasallefondation.org<\/p>\n<p>***********************************************<br \/>\nLe(s) signataire(s) soussign\u00e9(s) ci-apr\u00e8s d\u00e9clare(nt) avoir re\u00e7u des informations compl\u00e8tes conform\u00e9ment \u00e0 l&rsquo;article 13 du R\u00e8glement 2016\/679 et \u00e0 la l\u00e9gislation nationale en vigueur, et donne(nt) son (leur) consentement au traitement et \u00e0 la communication de ses (leur) donn\u00e9es personnelles, en pr\u00eatant une attention particuli\u00e8re aux personnes dites individuelles dans les limites, pour les fins et dur\u00e9es d\u00e9finies dans ces informations.<\/p>\n<p>Les donn\u00e9es entr\u00e9es au moment de la donation, avec votre consentement, seront utilis\u00e9es pour vous envoyer des communications concernant nos activit\u00e9s de collecte de fonds \u00e0 partir de notre newsletter.<\/p>\n<p>DPO: Emanuele Bufo, emanuelebufo@hotmail.it<\/p>\n<\/div><\/div><\/div><\/div><\/div>\n","protected":false},"excerpt":{"rendered":"","protected":false},"author":1,"featured_media":0,"parent":0,"menu_order":0,"comment_status":"closed","ping_status":"open","template":"","meta":{"om_disable_all_campaigns":false,"_monsterinsights_skip_tracking":false,"_monsterinsights_sitenote_active":false,"_monsterinsights_sitenote_note":"","_monsterinsights_sitenote_category":0,"_uf_show_specific_survey":0,"_uf_disable_surveys":false,"footnotes":""},"class_list":["post-4478","page","type-page","status-publish","hentry"],"aioseo_notices":[],"_links":{"self":[{"href":"https:\/\/www.lasallefoundation.org\/fr\/wp-json\/wp\/v2\/pages\/4478","targetHints":{"allow":["GET"]}}],"collection":[{"href":"https:\/\/www.lasallefoundation.org\/fr\/wp-json\/wp\/v2\/pages"}],"about":[{"href":"https:\/\/www.lasallefoundation.org\/fr\/wp-json\/wp\/v2\/types\/page"}],"author":[{"embeddable":true,"href":"https:\/\/www.lasallefoundation.org\/fr\/wp-json\/wp\/v2\/users\/1"}],"replies":[{"embeddable":true,"href":"https:\/\/www.lasallefoundation.org\/fr\/wp-json\/wp\/v2\/comments?post=4478"}],"version-history":[{"count":6,"href":"https:\/\/www.lasallefoundation.org\/fr\/wp-json\/wp\/v2\/pages\/4478\/revisions"}],"predecessor-version":[{"id":4529,"href":"https:\/\/www.lasallefoundation.org\/fr\/wp-json\/wp\/v2\/pages\/4478\/revisions\/4529"}],"wp:attachment":[{"href":"https:\/\/www.lasallefoundation.org\/fr\/wp-json\/wp\/v2\/media?parent=4478"}],"curies":[{"name":"wp","href":"https:\/\/api.w.org\/{rel}","templated":true}]}}