{"id":4463,"date":"2023-10-31T11:19:32","date_gmt":"2023-10-31T10:19:32","guid":{"rendered":"https:\/\/dev.lasallefoundation.org\/privacy-policy\/"},"modified":"2024-03-04T17:23:54","modified_gmt":"2024-03-04T16:23:54","slug":"privacy-policy","status":"publish","type":"page","link":"https:\/\/www.lasallefoundation.org\/es\/privacy-policy\/","title":{"rendered":"Privacy Policy"},"content":{"rendered":"<div class=\"fusion-fullwidth fullwidth-box fusion-builder-row-1 fusion-flex-container nonhundred-percent-fullwidth non-hundred-percent-height-scrolling\" style=\"--awb-border-radius-top-left:0px;--awb-border-radius-top-right:0px;--awb-border-radius-bottom-right:0px;--awb-border-radius-bottom-left:0px;--awb-flex-wrap:wrap;\" ><div class=\"fusion-builder-row fusion-row fusion-flex-align-items-flex-start fusion-flex-content-wrap\" style=\"max-width:1248px;margin-left: calc(-4% \/ 2 );margin-right: calc(-4% \/ 2 );\"><div class=\"fusion-layout-column fusion_builder_column fusion-builder-column-0 fusion_builder_column_1_1 1_1 fusion-flex-column\" style=\"--awb-bg-size:cover;--awb-width-large:100%;--awb-margin-top-large:0px;--awb-spacing-right-large:1.92%;--awb-margin-bottom-large:0px;--awb-spacing-left-large:1.92%;--awb-width-medium:100%;--awb-spacing-right-medium:1.92%;--awb-spacing-left-medium:1.92%;--awb-width-small:100%;--awb-spacing-right-small:1.92%;--awb-spacing-left-small:1.92%;\"><div class=\"fusion-column-wrapper fusion-flex-justify-content-flex-start fusion-content-layout-column\"><div class=\"fusion-title title fusion-title-1 fusion-sep-none fusion-title-text fusion-title-size-two\" style=\"--awb-margin-top-small:10px;--awb-margin-right-small:0px;--awb-margin-bottom-small:10px;--awb-margin-left-small:0px;\"><h2 class=\"fusion-title-heading title-heading-left\" style=\"margin:0;\"><h1 class=\"title\">INFORMACI\u00d3N SOBRE EL TRATAMIENTO DE DATOS PERSONALES<\/h1><\/h2><\/div><div class=\"fusion-text fusion-text-1\"><p>Los datos personales del usuario son utilizados por la Fundaci\u00f3n De La Salle Solidariet\u00e0 Internazionale ETS, la cual es responsable del tratamiento de dicha informaci\u00f3n de acuerdo a los principios de protecci\u00f3n de datos personales establecidos por el Reglamento RGPD 2016\/679 y la legislaci\u00f3n nacional vigente.<\/p>\n<p>MODALIDAD Y OBJETIVO DEL TRATAMIENTO DE LOS DATOS<\/p>\n<p>1. Le informamos que los datos ser\u00e1n tratados con el apoyo de los siguientes medios:<br \/>\nInform\u00e1tica<br \/>\nMixto \u2013 de manera electr\u00f3nica y con el uso de papel<br \/>\npara los siguientes objetivos:<\/p>\n<p>Cumplimiento de obligaciones fiscales o contables<br \/>\nActividades solidarias y caritativas<br \/>\nActividades de voluntariado<br \/>\nActividades de organizaci\u00f3n de eventos, seminarios y conferencias<br \/>\nComunicaci\u00f3n multimedia<br \/>\nElaboraci\u00f3n, impresi\u00f3n, empaquetado y env\u00edo de documentos<br \/>\nGesti\u00f3n de proveedores (contratos, pedidos, llegadas, facturas)<br \/>\nGesti\u00f3n de personal<br \/>\nRelaci\u00f3n con los donantes<br \/>\nInformaci\u00f3n telem\u00e1tica<br \/>\nNewsletter<br \/>\nSitios web<br \/>\nAdquisici\u00f3n de material de video vigilancia solo en caso de seguridad<br \/>\nDe manera particular, para los fines que se especifican a continuaci\u00f3n, los datos de los usuarios SOLO se procesar\u00e1n con el consentimiento expreso de los mismos:<\/p>\n<p>FUNDAMENTO JUR\u00cdDICO<\/p>\n<p>2. El fundamento jur\u00eddico para el tratamiento de datos comunes, de acuerdo con el Art\u00edculo 6 delReglamento RGPD, es el siguiente:<br \/>\nLey<br \/>\nIntereses leg\u00edtimos<br \/>\nContrato<br \/>\nConsentimiento<br \/>\nEl fundamento jur\u00eddico para el tratamiento de categor\u00edas especiales de datos personales, de acuerdo con el Art\u00edculo 9 del Reglamento RGPD, es el siguiente:<\/p>\n<p>La Fundaci\u00f3n procesa los datos opcionales de los usuarios bas\u00e1ndose en su consentimiento, es decir, mediante la aprobaci\u00f3n expl\u00edcita de esta pol\u00edtica de privacidad y con respecto a las modalidades y objetivos que se describen a continuaci\u00f3n.<\/p>\n<p>CATEGOR\u00cdAS DE DESTINATARIOS<\/p>\n<p>3. Todos los datos recogidos y tratados, sin perjuicio de las comunicaciones efectuadas en cumplimientode las obligaciones legales y contractuales, podr\u00e1n ser comunicados exclusivamente para los finesanteriormente indicados a las siguientes categor\u00edas de destinatarios:<br \/>\nOtras administraciones p\u00fablicas<br \/>\nAutoridades de supervisi\u00f3n y control<br \/>\nBeneficiarios directos e indirectos<br \/>\nConsultores y trabajadores independientes tambi\u00e9n en forma asociada<br \/>\nEmpleador;<br \/>\nInstituciones de seguridad social y de asistencia social<br \/>\nEntidades p\u00fablicas financieras<br \/>\nFuerzas policiales<br \/>\nEmpresas que prestan servicios log\u00edsticos de almacenamiento y transporte<br \/>\nCompa\u00f1\u00edas y empresas<br \/>\nOficinas judiciales<br \/>\nCon respecto a la gesti\u00f3n de sus datos, las siguientes categor\u00edas de personas autorizadas y\/o gerentes internos y externos identificados por escrito y a los que se les han proporcionado instrucciones escritas espec\u00edficas sobre el tratamiento de datos pueden tener conocimiento de las mismas:<\/p>\n<p>11267011002, n\u00famero de IVA, en nombre de Angela Matulli &#8211; Representante legal<br \/>\nSerena Pegorin, C\u00f3digo Fiscal PGRSRN87L56L56L719A &#8211; Empleado;<br \/>\nLaura Ballerini, C\u00f3digo Fiscal BLLLRA92L55H501V &#8211; Empleado;<br \/>\nEleonora Munaretto, C\u00f3digo Fiscal MNRLNR92D44H501V &#8211; Empleado<\/p>\n<p>CATEGOR\u00cdAS DE DATOS PERSONALES<\/p>\n<p>4.De acuerdo con lo establecido en el Art\u00edculo 14 del Reglamento RGPD, dado que no se han obtenidodatos de la parte interesada, se informan las categor\u00edas de datos personales sujetos a procesamiento:<br \/>\nC\u00f3digo fiscal y otros n\u00fameros de identificaci\u00f3n personal (tarjetas de salud)<br \/>\nDatos identificativos (nombre o raz\u00f3n social, o nombre y apellidos de personas f\u00edsicas,direcci\u00f3n, tel\u00e9fono, fax, correo electr\u00f3nico, datos fiscales, etc.)<br \/>\nDatos de conducta (registro de donaciones)<br \/>\nTrabajo (empleo actual y anterior, informaci\u00f3n sobre la contrataci\u00f3n, el aprendizaje o laformaci\u00f3n profesional, informaci\u00f3n sobre la suspensi\u00f3n o la culminaci\u00f3n del empleo o elcambio a otro empleo, curr\u00edculum v\u00edtae)<br \/>\nNombre, direcci\u00f3n u otros elementos de identificaci\u00f3n personal (nombre, apellidos, edad,sexo, lugar y fecha de nacimiento, direcci\u00f3n privada, direcci\u00f3n laboral)<br \/>\nDetalles (de naturaleza sensible)<br \/>\nPersonales<\/p>\n<p>ESTRUCTURA INFORM\u00c1TICA<\/p>\n<p>Nombre de la actividad Gesti\u00f3n del Personal<br \/>\nEstructura Inform\u00e1tica Direcci\u00f3n IP del servidor: 192.168.10.13<br \/>\nTipo de Estructura Interna<br \/>\nSede De La Salle Solidariet\u00e0 Internazionale ETS (Roma)<br \/>\nNombre de la actividad Fotos, videos y entrevistas<br \/>\nEstructura Inform\u00e1tica Direcci\u00f3n IP del servidor: 192.168.10.13<br \/>\nTipo de Estructura Interna<br \/>\nSede De La Salle Solidariet\u00e0 Internazionale ETS (Roma)<\/p>\n<p>PER\u00cdODO DE ALMACENAMIENTO<\/p>\n<p>El per\u00edodo de almacenamiento de los datos es el siguiente: Los datos ser\u00e1n tratados durante el tiempo necesario para llevar a cabo la relaci\u00f3n de colaboraci\u00f3n establecida durante los pr\u00f3ximos diez a\u00f1os a partir de la fecha de adquisici\u00f3n de los mismos.<\/p>\n<p>DERECHOS DE LA PARTE INTERESADA<\/p>\n<p>5. De acuerdo con el Reglamento Europeo 679\/2016 (RGPD) y la legislaci\u00f3n nacional vigente, la parteinteresada podr\u00e1 ejercer, en la forma y dentro de los l\u00edmites previstos por la legislaci\u00f3n vigente, los siguientesderechos:<br \/>\nsolicitar la confirmaci\u00f3n de la existencia de datos personales que le conciernen (derecho de acceso dela parte interesada, seg\u00fan el Art\u00edculo 15 del Reglamento 679\/2016);<br \/>\nconocer su origen<br \/>\nrecibir una comunicaci\u00f3n entendible<br \/>\ndisponer de informaci\u00f3n sobre la l\u00f3gica, las modalidades y los objetivos del tratamiento<br \/>\nsolicitar la actualizaci\u00f3n, la rectificaci\u00f3n, la integraci\u00f3n, la cancelaci\u00f3n, la transformaci\u00f3n en formaan\u00f3nima, el bloqueo de los datos tratados en violaci\u00f3n de la ley, incluidos los que ya no sonnecesarios para alcanzar los fines para los que fueron recogidos (derecho de rectificaci\u00f3n ycancelaci\u00f3n, seg\u00fan los Art\u00edculos 16 y 17 del Reglamento 679\/2016)<br \/>\nderecho de limitaci\u00f3n y\/u oposici\u00f3n al tratamiento de los datos que le conciernen (Art\u00edculo 18 delReglamento 679\/2016)<br \/>\nderecho de anulaci\u00f3n;<br \/>\nderecho a la conservaci\u00f3n de los datos (Art\u00edculo 20 del Reglamento 679\/2016)<br \/>\nen los casos de tratamiento basado en el consentimiento, reciben sus datos facilitados al responsabledel tratamiento, en un formato estructurado y legible en un formato com\u00fanmente utilizado por undispositivo electr\u00f3nico;<br \/>\nderecho a presentar una queja a la Autoridad de Control (derecho de acceso de la parte interesada,seg\u00fan el Art\u00edculo 15 del Reglamento 679\/2016).<br \/>\n6. El titular del tratamiento de sus datos personales es la Fundaci\u00f3n De La Salle Solidariet\u00e0 Internazionale ETS, n\u00famero de IVA 11267011002, C\u00f3digo Fiscal 11267011002<br \/>\n7. Email privacyfoundation@lasalle.org<br \/>\nPhone 06665231<\/p>\n<p>\u00bfQu\u00e9 son las cookies?<\/p>\n<p>Una \u201ccookie\u201d es un archivo de texto que se guarda en su computadora cuando accede a un sitio web para proporcionar informaci\u00f3n cuando regrese al mismo sitio. Es una especie de recordatorio de la p\u00e1gina de internet visitada. Con la cookie, el servidor web env\u00eda informaci\u00f3n al navegador del usuario (Internet Explorer, Mozilla Firefox, Google Chrome, etc.) almacenada en la computadora de este \u00faltimo, y se leer\u00e1 y actualizar\u00e1 cada vez que el usuario vuelva al sitio. De esta forma el sitio web puede adaptarse autom\u00e1ticamente al usuario. Durante la navegaci\u00f3n, el usuario tambi\u00e9n podr\u00eda recibir en su terminal cookies de diferentes sitios (cookies de \u201cterceros\u201d), establecidas directamente por los administradores de dichos sitios web y utilizadas para los fines y en la forma definida por estos. Dependiendo de su duraci\u00f3n, se dividen en cookies de sesi\u00f3n (es decir, son temporales y se eliminan autom\u00e1ticamente por el terminal al final de la sesi\u00f3n de navegaci\u00f3n, cerrando el navegador) y cookies persistentes (es decir, las que permanecen almacenadas en el terminal hasta que caduquen o se cancelen) por el usuario). Dependiendo de la funci\u00f3n y el prop\u00f3sito de uso, las cookies se pueden dividir en cookies t\u00e9cnicas y cookies de perfil.<\/p>\n<p>Cookies t\u00e9cnicas<\/p>\n<p>Algunas cookies se utilizan para realizar la autenticaci\u00f3n por computadora, el monitoreo de sesiones y el almacenamiento de informaci\u00f3n espec\u00edfica de los usuarios que acceden a una p\u00e1gina web. Estas cookies, llamadas t\u00e9cnicas, suelen ser \u00fatiles para permitirle navegar por un sitio web y utilizar todas sus funciones. Las cookies t\u00e9cnicas son aquellas cuyo uso no requiere el consentimiento del usuario. Las cookies anal\u00edticas tambi\u00e9n pertenecen a esta categor\u00eda. Estas son cookies que recopilan informaci\u00f3n sobre el uso que un usuario hace de un sitio web y le permiten mejorar su funcionamiento. Por ejemplo, las cookies de an\u00e1lisis muestran qu\u00e9 p\u00e1ginas se visitan con mayor frecuencia, le permiten verificar cu\u00e1les son los patrones recurrentes de uso de un sitio web y lo ayudan a comprender cada dificultad que encuentra al usarlo.<\/p>\n<p>Cookies de perfil<\/p>\n<p>Instead, other cookies can be used to monitor and profile users during browsing, to study their movements and web browsing or consumption habits (what they buy, what they read, etc.), also in order to send specific and personalized services and advertising. In this case we talk about profiling cookies. The use of these cookies requires the prior acquisition of the user\u2019s free informed consent in accordance with Article 7 of Regulation 2016\/679 of the EU and current national legislation.<\/p>\n<p>Cookies de terceros<\/p>\n<p>Tambi\u00e9n puede suceder que una p\u00e1gina web contenga cookies de otros sitios y que estas est\u00e9n contenidas en diversos elementos alojados en la propia p\u00e1gina, como anuncios publicitarios, im\u00e1genes, videos, mapas o enlaces espec\u00edficos a p\u00e1ginas web de otros dominios que residen en servidores que no sean el mismo en el que se encuentra la p\u00e1gina solicitada. En otras palabras, estas cookies se configuran directamente por los operadores del sitio web o servidores que no sean este sitio web. En estos casos, hablamos de las llamadas cookies de terceros, que normalmente se utilizan para fines de creaci\u00f3n de perfiles. El uso de estas cookies requiere el consentimiento informado libre del usuario.<\/p>\n<p>Tipos de cookies utilizadas por nuestro sitio<\/p>\n<p>TLas funciones principales de las cookies instaladas por www.lasallefondation.org son t\u00e9cnicas, se utilizan para mejorar constantemente el Servicio, para la autenticaci\u00f3n, con fines estad\u00edsticos, como el recuento de visitas al sitio. Por lo tanto, el uso de cookies est\u00e1 estrictamente dirigido a facilitar las funciones del servidor mientras se navega por el Servicio. El sitio tambi\u00e9n permite el env\u00edo de las siguientes cookies de terceros. Estas cookies no son herramientas propietarias, para obtener m\u00e1s informaci\u00f3n, por lo tanto, es posible acceder a la informaci\u00f3n y los formularios de consentimiento de terceros, haciendo clic en los enlaces que se muestran. Para mejorar el sitio web y comprender qu\u00e9 partes o elementos son m\u00e1s apreciados por los usuarios, las cookies de terceros de Google Analytics se utilizan como una herramienta de an\u00e1lisis global y an\u00f3nima. Estas cookies no son herramientas de propiedad exclusiva. Para obtener m\u00e1s informaci\u00f3n, puede consultar la informaci\u00f3n proporcionada por Google. Las p\u00e1ginas del sitio web incorporan dentro de ellos algunos widgets y botones para compartir Facebook y Google Plus, para permitir al usuario compartir los contenidos del sitio web en sus canales sociales e interactuar con nuestros canales. Estas cookies no son herramientas propietarias, pero son creadas por Facebook y Google respectivamente cuando usa el widget respectivo o el bot\u00f3n de compartir. Para obtener m\u00e1s informaci\u00f3n, visite las siguientes p\u00e1ginas de informaci\u00f3n: Facebook y Google. Algunas p\u00e1ginas web incorporan contenido de video de YouTube dentro de ellas. Al visitar una p\u00e1gina que contiene un video, o al hacer clic para ver el video, se pueden abrir las cookies de YouTube. Estas cookies no son herramientas propietarias. Para obtener m\u00e1s informaci\u00f3n, visite la p\u00e1gina de informaci\u00f3n de Google. El sitio web podr\u00eda utilizar los programas de ADS de Facebook administrados por Facebook Inc., Google Adwords y la tecnolog\u00eda de remarketing de Google, administrados por Google Inc. La funci\u00f3n de seguimiento de conversiones de ADS y AdWords de Facebook tambi\u00e9n utiliza cookies para ayudarnos a mantener un registro de las ventas y otras conversiones.<\/p>\n<p>Manejo de cookies<\/p>\n<p>El usuario puede administrar sus propias preferencias de cookies a trav\u00e9s de las funciones presentes en los navegadores comunes que le permiten eliminar\/suprimir las cookies (todas o algunas) o cambiar la configuraci\u00f3n del navegador para bloquear el env\u00edo de cookies o limitarlo a sitios espec\u00edficos (en comparaci\u00f3n con otros). Por lo tanto, es posible negar el uso de cookies, siguiendo el procedimiento de desactivaci\u00f3n provisto por su navegador. Los siguientes son los m\u00e9todos propuestos por los principales navegadores: Microsoft Windows Explorer, Mozilla Firefox, Google Chrome, Apple Safari, Google Analytics mediante la descarga de un complemento espec\u00edfico del navegador. Para obtener informaci\u00f3n sobre las cookies almacenadas en su terminal y para desactivarlas individualmente, consulte el enlace: http:\/\/www.youronlinechoices.com\/it\/le-tue-scelte<\/p>\n<p>For information on the cookies stored on your terminal and to turn them off individually, see the link: http:\/\/www.youronlinechoices.com\/it\/le-tue-scelte<\/p>\n<p>Plugin de red social<\/p>\n<p>El sitio www.lasallefondation.org tambi\u00e9n incorpora plugin y\/o comandos para redes sociales, a fin de permitir compartir f\u00e1cilmente el contenido de sus redes sociales favoritas. Estos complementos est\u00e1n programados para no establecer ninguna cookie al acceder a la p\u00e1gina, para salvaguardar la privacidad del usuario. Eventualmente, las cookies se configuran, si las redes sociales las proporcionan, solo cuando el usuario hace un uso efectivo y voluntario del complemento. Se debe tomar en cuenta que, si el usuario navega iniciando sesi\u00f3n en la red social, ya ha dado su consentimiento para el uso de cookies que se transmiten a trav\u00e9s de este sitio en el momento de registrarse en la red social. La recopilaci\u00f3n y el uso de la informaci\u00f3n obtenida a trav\u00e9s del complemento se rigen por las respectivas pol\u00edticas de privacidad de las redes sociales, a las que puede consultar.<\/p>\n<p>Facebook cookie information link<br \/>\nTwitter cookie information link<br \/>\nLinkedIn cookie information link<br \/>\nGoogle+ cookie information link<br \/>\nEsta pol\u00edtica de privacidad puede sufrir cambios a lo largo del tiempo, tambi\u00e9n relacionados con la entrada en vigencia de las nuevas regulaciones del sector, la actualizaci\u00f3n o la provisi\u00f3n de nuevos servicios o las innovaciones tecnol\u00f3gicas, para lo cual se invita al usuario\/visitante a consultar peri\u00f3dicamente esta p\u00e1gina www.lasallefondation.org.<\/p>\n<p>***********************************************<br \/>\nEl (los) abajo firmante(s) identificado(s) a continuaci\u00f3n declara(n) haber recibido informaci\u00f3n completa de conformidad con el Art\u00edculo 13 del Reglamento de la UE 2016\/679 y de la legislaci\u00f3n nacional vigente, y expresa su consentimiento para el procesamiento y la comunicaci\u00f3n de sus datos personales con especial atenci\u00f3n a los denominados particulares dentro de los l\u00edmites, para los fines y por la duraci\u00f3n especificada en la informaci\u00f3n.<br \/>\nLos datos introducidos en el momento de la donaci\u00f3n, dado su consentimiento, se utilizar\u00e1n para enviarle comunicaciones sobre nuestros actos de recaudaci\u00f3n de fondos de nuestro bolet\u00edn informativo.<\/p>\n<p>DPO: Emanuele Bufo, emanuelebufo@hotmail.it<\/p>\n<\/div><\/div><\/div><\/div><\/div>\n","protected":false},"excerpt":{"rendered":"","protected":false},"author":1,"featured_media":0,"parent":0,"menu_order":0,"comment_status":"closed","ping_status":"open","template":"","meta":{"om_disable_all_campaigns":false,"_monsterinsights_skip_tracking":false,"_monsterinsights_sitenote_active":false,"_monsterinsights_sitenote_note":"","_monsterinsights_sitenote_category":0,"_uf_show_specific_survey":0,"_uf_disable_surveys":false,"footnotes":""},"class_list":["post-4463","page","type-page","status-publish","hentry"],"aioseo_notices":[],"_links":{"self":[{"href":"https:\/\/www.lasallefoundation.org\/es\/wp-json\/wp\/v2\/pages\/4463","targetHints":{"allow":["GET"]}}],"collection":[{"href":"https:\/\/www.lasallefoundation.org\/es\/wp-json\/wp\/v2\/pages"}],"about":[{"href":"https:\/\/www.lasallefoundation.org\/es\/wp-json\/wp\/v2\/types\/page"}],"author":[{"embeddable":true,"href":"https:\/\/www.lasallefoundation.org\/es\/wp-json\/wp\/v2\/users\/1"}],"replies":[{"embeddable":true,"href":"https:\/\/www.lasallefoundation.org\/es\/wp-json\/wp\/v2\/comments?post=4463"}],"version-history":[{"count":7,"href":"https:\/\/www.lasallefoundation.org\/es\/wp-json\/wp\/v2\/pages\/4463\/revisions"}],"predecessor-version":[{"id":4527,"href":"https:\/\/www.lasallefoundation.org\/es\/wp-json\/wp\/v2\/pages\/4463\/revisions\/4527"}],"wp:attachment":[{"href":"https:\/\/www.lasallefoundation.org\/es\/wp-json\/wp\/v2\/media?parent=4463"}],"curies":[{"name":"wp","href":"https:\/\/api.w.org\/{rel}","templated":true}]}}